{"id":736,"date":"2019-02-07T19:10:50","date_gmt":"2019-02-07T19:10:50","guid":{"rendered":"https:\/\/www.oictaxservices.com\/soluciones\/ins-compliance\/"},"modified":"2019-10-25T21:51:50","modified_gmt":"2019-10-25T21:51:50","slug":"cumplimiento-con-el-ins","status":"publish","type":"page","link":"https:\/\/www.oictaxservices.com\/es\/soluciones\/cumplimiento-con-el-ins\/","title":{"rendered":"Cumplimiento con el INS"},"content":{"rendered":"<div class=\"wpb-content-wrapper\"><p>[vc_row][vc_column][vc_column_text]\u00bfTiene problemas de cumplimiento del INS? \u00bfHa venido a los Estados Unidos con la esperanza de darle a su familia la oportunidad de una vida mejor, pero termin\u00f3 siendo abrumado con impuestos atrasados y no est\u00e1 seguro de saber c\u00f3mo manejarlos? Hay muchos escenarios diferentes que usted y su familia podr\u00eda estar experimentando, y todos requieren asistencia personalizada. \u00a1Llame a OIC Tax Services hoy para responder sus preguntas y abordar los problemas que est\u00e1 experimentando! \u00a1Podemos enderezar sus problemas fiscales! Llame a la Compa\u00f1\u00eda de Impuestos de Confianza al\u00a0<a href=\"tel:916-331-2011\">916-331-2011<\/a>.<\/p>\n<h3><strong>Qu\u00e9 es el INS<\/strong><\/h3>\n<p>El Servicio de Inmigraci\u00f3n y Naturalizaci\u00f3n de los Estados Unidos fue una agencia del Departamento de Justicia de los Estados Unidos de 1933 a 2003. Se estableci\u00f3 el 10 de junio de 1933. Las funciones fronterizas del INS, que inclu\u00edan la Patrulla Fronteriza junto con los Inspectores, se combinaron con los Inspectores de Aduanas en la reci\u00e9n creada US Customs and Border Protection (CBP) Conocido por algunos como ex INS y por otros como legado, la agencia dej\u00f3 de existir con ese nombre el 1 de marzo de 2003, cuando la mayor\u00eda de sus funciones se transfirieron a tres nuevas entidades, USCIS, ICE y CBP dentro de la reci\u00e9n creada Departamento de Seguridad Nacional, como parte de una importante reorganizaci\u00f3n del gobierno luego de los ataques del 11 de Septiembre de 2001[\/vc_column_text][\/vc_column][\/vc_row]<\/p>\n<\/div>","protected":false},"excerpt":{"rendered":"<p>[vc_row][vc_column][vc_column_text]\u00bfTiene problemas de cumplimiento del INS? \u00bfHa venido a los Estados Unidos con la esperanza de darle a su familia la oportunidad de una vida mejor, pero termin\u00f3 siendo abrumado con impuestos atrasados y no est\u00e1 seguro de saber c\u00f3mo manejarlos? Hay muchos escenarios diferentes que usted y su familia podr\u00eda estar experimentando, y todos [&hellip;]<\/p>\n","protected":false},"author":1,"featured_media":0,"parent":674,"menu_order":0,"comment_status":"closed","ping_status":"closed","template":"","meta":{"footnotes":""},"class_list":["post-736","page","type-page","status-publish","hentry"],"_links":{"self":[{"href":"https:\/\/www.oictaxservices.com\/es\/wp-json\/wp\/v2\/pages\/736"}],"collection":[{"href":"https:\/\/www.oictaxservices.com\/es\/wp-json\/wp\/v2\/pages"}],"about":[{"href":"https:\/\/www.oictaxservices.com\/es\/wp-json\/wp\/v2\/types\/page"}],"author":[{"embeddable":true,"href":"https:\/\/www.oictaxservices.com\/es\/wp-json\/wp\/v2\/users\/1"}],"replies":[{"embeddable":true,"href":"https:\/\/www.oictaxservices.com\/es\/wp-json\/wp\/v2\/comments?post=736"}],"version-history":[{"count":5,"href":"https:\/\/www.oictaxservices.com\/es\/wp-json\/wp\/v2\/pages\/736\/revisions"}],"predecessor-version":[{"id":741,"href":"https:\/\/www.oictaxservices.com\/es\/wp-json\/wp\/v2\/pages\/736\/revisions\/741"}],"up":[{"embeddable":true,"href":"https:\/\/www.oictaxservices.com\/es\/wp-json\/wp\/v2\/pages\/674"}],"wp:attachment":[{"href":"https:\/\/www.oictaxservices.com\/es\/wp-json\/wp\/v2\/media?parent=736"}],"curies":[{"name":"wp","href":"https:\/\/api.w.org\/{rel}","templated":true}]}}