{"id":794,"date":"2019-02-07T19:08:27","date_gmt":"2019-02-07T19:08:27","guid":{"rendered":"https:\/\/www.oictaxservices.com\/payroll-taxes\/"},"modified":"2019-10-30T21:40:39","modified_gmt":"2019-10-30T21:40:39","slug":"impuestos-sobre-nomina","status":"publish","type":"page","link":"https:\/\/www.oictaxservices.com\/es\/problemas\/impuestos-sobre-nomina\/","title":{"rendered":"Impuestos Sobre N\u00f3mina"},"content":{"rendered":"<div class=\"wpb-content-wrapper\"><p>[vc_row][vc_column][vc_column_text]\u00bfEst\u00e1 atrasado en su declaraci\u00f3n de impuestos 940\/941? \u00bfNecesita ayuda para comprender sus impuestos sobre la n\u00f3mina? Si es as\u00ed, podemos ayudarle. Los impuestos sobre n\u00f3mina pueden ser confusos. A menudo agobian demasiado al due\u00f1o de un negocio. Ser due\u00f1o de un negocio es dif\u00edcil en el mejor de los casos, pero en una econom\u00eda en crisis puede ser a\u00fan m\u00e1s desafiante. Hay muchos reglamentos  a seguir y documentos que requieren seguimiento, especialmente para las empresas con una cantidad significativa de empleados.<\/p>\n<p>Gran parte de ese papeleo proviene de retenciones de n\u00f3mina e impuestos de n\u00f3mina. Si no retiene la cantidad correcta de dinero para sus impuestos sobre la n\u00f3mina o algo peor; us\u00f3 ese dinero en gastos personales en lugar de pagarle al gobierno, puede incurrir en una cantidad sustancial de deuda de impuestos sobre la n\u00f3mina. Esto puede llevar a que su negocio tenga problemas si no sabe c\u00f3mo manejarlo. El IRS tiene la capacidad de incluso cerrar su negocio. Saber c\u00f3mo lidiar con la situaci\u00f3n antes de que se salga de control es ideal, pero en caso de que el IRS llame a su puerta, ser capaz de ofrecer una soluci\u00f3n r\u00e1pida puede ayudarlo a mantenerse en el negocio.<\/p>\n<h3><strong>Ayuda con Impuestos Sobre N\u00f3mina<\/strong><\/h3>\n<p>No permita que la carga y el estr\u00e9s de los impuestos sobre la n\u00f3mina lo agobien. Tenemos a\u00f1os de conocimiento sobre impuestos de n\u00f3mina. Manejar su negocio lo mantiene ocupado lo suficiente, no intente agregar m\u00e1s a de lo que puede hacer. OIC Tax Services se asegurar\u00e1 de que tome las medidas correctas con sus impuestos sobre la n\u00f3mina.<\/p>\n<p><strong>Para una consulta confidencial gratuita, ll\u00e1menos al 916-331-2011 o complete el\u00a0<a title=\"Contactanos\" href=\"\n\/contact\/\">formulario confidencial<\/a>\u00a0\u00a0y uno de nuestros profesionales de impuestos se comunicar\u00e1 con usted.<\/strong>[\/vc_column_text][\/vc_column][\/vc_row]<\/p>\n<\/div>","protected":false},"excerpt":{"rendered":"<p>[vc_row][vc_column][vc_column_text]\u00bfEst\u00e1 atrasado en su declaraci\u00f3n de impuestos 940\/941? \u00bfNecesita ayuda para comprender sus impuestos sobre la n\u00f3mina? Si es as\u00ed, podemos ayudarle. Los impuestos sobre n\u00f3mina pueden ser confusos. A menudo agobian demasiado al due\u00f1o de un negocio. Ser due\u00f1o de un negocio es dif\u00edcil en el mejor de los casos, pero en una econom\u00eda [&hellip;]<\/p>\n","protected":false},"author":1,"featured_media":596,"parent":975,"menu_order":0,"comment_status":"closed","ping_status":"closed","template":"","meta":{"footnotes":""},"class_list":["post-794","page","type-page","status-publish","has-post-thumbnail","hentry"],"_links":{"self":[{"href":"https:\/\/www.oictaxservices.com\/es\/wp-json\/wp\/v2\/pages\/794"}],"collection":[{"href":"https:\/\/www.oictaxservices.com\/es\/wp-json\/wp\/v2\/pages"}],"about":[{"href":"https:\/\/www.oictaxservices.com\/es\/wp-json\/wp\/v2\/types\/page"}],"author":[{"embeddable":true,"href":"https:\/\/www.oictaxservices.com\/es\/wp-json\/wp\/v2\/users\/1"}],"replies":[{"embeddable":true,"href":"https:\/\/www.oictaxservices.com\/es\/wp-json\/wp\/v2\/comments?post=794"}],"version-history":[{"count":5,"href":"https:\/\/www.oictaxservices.com\/es\/wp-json\/wp\/v2\/pages\/794\/revisions"}],"predecessor-version":[{"id":799,"href":"https:\/\/www.oictaxservices.com\/es\/wp-json\/wp\/v2\/pages\/794\/revisions\/799"}],"up":[{"embeddable":true,"href":"https:\/\/www.oictaxservices.com\/es\/wp-json\/wp\/v2\/pages\/975"}],"wp:featuredmedia":[{"embeddable":true,"href":"https:\/\/www.oictaxservices.com\/es\/wp-json\/wp\/v2\/media\/596"}],"wp:attachment":[{"href":"https:\/\/www.oictaxservices.com\/es\/wp-json\/wp\/v2\/media?parent=794"}],"curies":[{"name":"wp","href":"https:\/\/api.w.org\/{rel}","templated":true}]}}