{"id":804,"date":"2019-02-07T19:07:21","date_gmt":"2019-02-07T19:07:21","guid":{"rendered":"https:\/\/www.oictaxservices.com\/wage-garnish\/"},"modified":"2019-10-31T16:40:48","modified_gmt":"2019-10-31T16:40:48","slug":"embargo-de-salario","status":"publish","type":"page","link":"https:\/\/www.oictaxservices.com\/es\/problemas\/embargo-de-salario\/","title":{"rendered":"Embargo de Salario"},"content":{"rendered":"<div class=\"wpb-content-wrapper\"><p>[vc_row][vc_column][vc_column_text]\u00bfLe ha notificado el IRS que su salario est\u00e1 a punto de ser embargado? \u00bfEst\u00e1s perdiendo el sue\u00f1o porque no sabe lo que va a hacer al respecto? \u00bfSab\u00eda que el IRS puede tomar hasta el 75 por ciento de su salario neto? S\u00ed, eso es correcto! Si se le emite un embargo salarial, es un asunto muy serio. Eso significa que si su salario neto es de $1000 por mes, el IRS puede tomar hasta $750 y dejarlo con $250 para pagar sus gastos personales. Intenta vivir con ese tipo de sueldo durante unos meses y veras lo imposible que ser\u00e1 la vida. Incluso uno o dos cheques de pago dr\u00e1sticamente reducidos pueden romper su vida normal. Es por eso que estamos en este negocio, ayudamos a la gente para que salga de problemas con el IRS. Perm\u00edtanos ayudarlo con su situaci\u00f3n de embargo de salario.<\/p>\n<h3><strong>Ignorar el Embargo Salarial<\/strong><\/h3>\n<p>Puede optar por ignorar sus problemas fiscales. Eso llevar\u00eda al IRS a abordarlos por usted de formas que quiz\u00e1s no aprecie. La recaudaci\u00f3n forzada de impuestos a menudo toma la forma de un embargo salarial por parte del  IRS. La cantidad de dinero que eligen tomar del cheque de pago est\u00e1 m\u00e1s all\u00e1 de su control. A pesar de que hay un l\u00edmite en cuanto a la cantidad del embargo, a\u00fan puede ser que le quede muy poco dinero. El IRS notificar\u00e1 a su empleador sobre su embargo salarial y en ocasiones, no proporcionar\u00e1 los formularios apropiados que limitan la cantidad que el IRS puede tomar de su cheque. En esos casos, hasta el 75 por ciento de su cheque de pago podr\u00eda ser embargado por el IRS.<\/p>\n<p>Cuando el IRS decida cu\u00e1nto de su sueldo quiere tomar, no considerar\u00e1 cu\u00e1nto dinero realmente necesita usted para sus necesidades. Utilizar\u00e1n tablas de gastos permitidos que hayan compilado para obtener esta cantidad. Si ahora vive de sueldo en sueldo, un embargo de salario del IRS puede llevarlo a no tener suficiente dinero para pagar sus necesidades de b\u00e1sicas de vivienda y poner  a su familia bajo mucho estr\u00e9s.<\/p>\n<h3><strong>Permitenos Negociar t\u00fa Embargo de Salario con el IRS<\/strong><\/h3>\n<p>Ofrecemos muchas soluciones a sus problemas fiscales que lo ayudar\u00e1n a evitar el embargo de salarios del IRS. Podemos ayudarlo con planes de pago o una opci\u00f3n de liquidaci\u00f3n con el IRS. Ambos lograr\u00e1n lo mismo; Una soluci\u00f3n a su deuda tributaria del IRS. Es m\u00e1s probable que el IRS tenga en cuenta sus necesidades cuando sepa que usted est\u00e1 trabajando con un profesional de impuestos en lugar de tratar de manejarlo por su cuenta.<\/p>\n<p>Nuestros profesionales de impuestos negociar\u00e1n en su nombre para establecer un plan de pago y satisfacer al IRS con la deuda. Nos aseguraremos de que los pagos a plazos est\u00e9n dentro de sus posibilidades. La negociaci\u00f3n y las calificaciones para este tipo de acuerdos pueden ser muy complejas. En OIC Tax, entendemos estas reglas y podemos ayudar a determinar cu\u00e1les son las mejores opciones para usted.<\/p>\n<p><strong>Para una consulta confidencial gratuita, ll\u00e1menos al 916-331-2011 o complete el\u00a0<a title=\"Contactanos\" href=\"\n\/contact\/\">formulario confidencial<\/a>\u00a0\u00a0y uno de nuestros profesionales de impuestos se comunicar\u00e1 con usted.<\/strong>[\/vc_column_text][\/vc_column][\/vc_row]<\/p>\n<\/div>","protected":false},"excerpt":{"rendered":"<p>[vc_row][vc_column][vc_column_text]\u00bfLe ha notificado el IRS que su salario est\u00e1 a punto de ser embargado? \u00bfEst\u00e1s perdiendo el sue\u00f1o porque no sabe lo que va a hacer al respecto? \u00bfSab\u00eda que el IRS puede tomar hasta el 75 por ciento de su salario neto? S\u00ed, eso es correcto! Si se le emite un embargo salarial, es [&hellip;]<\/p>\n","protected":false},"author":1,"featured_media":593,"parent":975,"menu_order":0,"comment_status":"closed","ping_status":"closed","template":"","meta":{"footnotes":""},"class_list":["post-804","page","type-page","status-publish","has-post-thumbnail","hentry"],"_links":{"self":[{"href":"https:\/\/www.oictaxservices.com\/es\/wp-json\/wp\/v2\/pages\/804"}],"collection":[{"href":"https:\/\/www.oictaxservices.com\/es\/wp-json\/wp\/v2\/pages"}],"about":[{"href":"https:\/\/www.oictaxservices.com\/es\/wp-json\/wp\/v2\/types\/page"}],"author":[{"embeddable":true,"href":"https:\/\/www.oictaxservices.com\/es\/wp-json\/wp\/v2\/users\/1"}],"replies":[{"embeddable":true,"href":"https:\/\/www.oictaxservices.com\/es\/wp-json\/wp\/v2\/comments?post=804"}],"version-history":[{"count":5,"href":"https:\/\/www.oictaxservices.com\/es\/wp-json\/wp\/v2\/pages\/804\/revisions"}],"predecessor-version":[{"id":809,"href":"https:\/\/www.oictaxservices.com\/es\/wp-json\/wp\/v2\/pages\/804\/revisions\/809"}],"up":[{"embeddable":true,"href":"https:\/\/www.oictaxservices.com\/es\/wp-json\/wp\/v2\/pages\/975"}],"wp:featuredmedia":[{"embeddable":true,"href":"https:\/\/www.oictaxservices.com\/es\/wp-json\/wp\/v2\/media\/593"}],"wp:attachment":[{"href":"https:\/\/www.oictaxservices.com\/es\/wp-json\/wp\/v2\/media?parent=804"}],"curies":[{"name":"wp","href":"https:\/\/api.w.org\/{rel}","templated":true}]}}