{"id":975,"date":"2019-02-07T19:06:23","date_gmt":"2019-02-07T19:06:23","guid":{"rendered":"https:\/\/www.oictaxservices.com\/problems\/"},"modified":"2025-07-24T18:14:51","modified_gmt":"2025-07-24T18:14:51","slug":"problemas","status":"publish","type":"page","link":"https:\/\/www.oictaxservices.com\/es\/problemas\/","title":{"rendered":"Problemas"},"content":{"rendered":"<div class=\"wpb-content-wrapper\"><p>[vc_row][vc_column][vc_single_image image=\u00bb35108&#8243; img_size=\u00bbfull\u00bb alignment=\u00bbcenter\u00bb style=\u00bbvc_box_shadow_3d\u00bb onclick=\u00bbcustom_link\u00bb css=\u00bb\u00bb link=\u00bbhttps:\/\/wa.me\/12792711773?text=Tengo una pregunta&#8230;\u00bb][\/vc_column][\/vc_row][vc_row][vc_column width=\u00bb1\/2&#8243;][vc_empty_space][vc_single_image image=\u00bb973&#8243; img_size=\u00bbmedium\u00bb alignment=\u00bbcenter\u00bb][vc_column_text css=\u00bb\u00bb]<\/p>\n<h3 style=\"text-align: center;\">PROBLEMAS?<\/h3>\n<p>Los problemas de impuestos, especialmente los problemas con el IRS provocan preocupaci\u00f3n y estr\u00e9s, el no saber como resolverlo crea una situaci\u00f3n de desesperaci\u00f3n. Nosotros podemos resolver esa situaci\u00f3n tan estresante.\u00a0 Tenemos experiencia y conocimiento en leyes federales y estatales de impuestos, ese problema de estres, ansiedad y temor pronto desaparecer\u00e1.<\/p>\n<p>Ya sea que no haya presentado impuestos en muchos a\u00f1os, que deba una cantidad alta de impuesto,\u00a0 que este enfrentando un divorcio o algun tipo de embargo embargo por parte del IRS, le esperan d\u00edas mejores con los Servicios OIC TAX.[\/vc_column_text][\/vc_column][vc_column width=\u00bb1\/2&#8243;][vc_single_image image=\u00bb971&#8243; img_size=\u00bbfull\u00bb alignment=\u00bbcenter\u00bb style=\u00bbvc_box_shadow_3d\u00bb][\/vc_column][\/vc_row]<\/p>\n<\/div>","protected":false},"excerpt":{"rendered":"<p>[vc_row][vc_column][vc_single_image image=\u00bb35108&#8243; img_size=\u00bbfull\u00bb alignment=\u00bbcenter\u00bb style=\u00bbvc_box_shadow_3d\u00bb onclick=\u00bbcustom_link\u00bb css=\u00bb\u00bb link=\u00bbhttps:\/\/wa.me\/12792711773?text=Tengo una pregunta&#8230;\u00bb][\/vc_column][\/vc_row][vc_row][vc_column width=\u00bb1\/2&#8243;][vc_empty_space][vc_single_image image=\u00bb973&#8243; img_size=\u00bbmedium\u00bb alignment=\u00bbcenter\u00bb][vc_column_text css=\u00bb\u00bb] PROBLEMAS? Los problemas de impuestos, especialmente los problemas con el IRS provocan preocupaci\u00f3n y estr\u00e9s, el no saber como resolverlo crea una situaci\u00f3n de desesperaci\u00f3n. Nosotros podemos resolver esa situaci\u00f3n tan estresante.\u00a0 Tenemos experiencia y conocimiento en leyes federales y [&hellip;]<\/p>\n","protected":false},"author":1,"featured_media":0,"parent":0,"menu_order":0,"comment_status":"closed","ping_status":"closed","template":"","meta":{"footnotes":""},"class_list":["post-975","page","type-page","status-publish","hentry"],"_links":{"self":[{"href":"https:\/\/www.oictaxservices.com\/es\/wp-json\/wp\/v2\/pages\/975"}],"collection":[{"href":"https:\/\/www.oictaxservices.com\/es\/wp-json\/wp\/v2\/pages"}],"about":[{"href":"https:\/\/www.oictaxservices.com\/es\/wp-json\/wp\/v2\/types\/page"}],"author":[{"embeddable":true,"href":"https:\/\/www.oictaxservices.com\/es\/wp-json\/wp\/v2\/users\/1"}],"replies":[{"embeddable":true,"href":"https:\/\/www.oictaxservices.com\/es\/wp-json\/wp\/v2\/comments?post=975"}],"version-history":[{"count":7,"href":"https:\/\/www.oictaxservices.com\/es\/wp-json\/wp\/v2\/pages\/975\/revisions"}],"predecessor-version":[{"id":35128,"href":"https:\/\/www.oictaxservices.com\/es\/wp-json\/wp\/v2\/pages\/975\/revisions\/35128"}],"wp:attachment":[{"href":"https:\/\/www.oictaxservices.com\/es\/wp-json\/wp\/v2\/media?parent=975"}],"curies":[{"name":"wp","href":"https:\/\/api.w.org\/{rel}","templated":true}]}}